{"id":121,"date":"2025-02-07T21:40:55","date_gmt":"2025-02-07T18:40:55","guid":{"rendered":"https:\/\/saruhannakliyat.com\/?page_id=121"},"modified":"2025-02-07T21:40:55","modified_gmt":"2025-02-07T18:40:55","slug":"istanbul-izmir-arasi-nakliyat","status":"publish","type":"page","link":"https:\/\/saruhannakliyat.com\/index.php\/istanbul-izmir-arasi-nakliyat\/","title":{"rendered":"\u0130stanbul- \u0130zmir Aras\u0131 Nakliyat"},"content":{"rendered":"<p>\u0130stanbul\u2019dan \u0130zmir\u2019e ta\u015f\u0131nmak m\u0131 istiyorsunuz? Saruhan Nakliyat olarak, e\u015fyalar\u0131n\u0131z\u0131 g\u00fcvenle ve h\u0131zl\u0131 bir \u015fekilde ta\u015f\u0131yoruz. Y\u0131llar\u0131n verdi\u011fi deneyimle, ta\u015f\u0131mac\u0131l\u0131k i\u015finde profesyonel bir hizmet sunuyoruz. Ta\u015f\u0131ma s\u00fcreci boyunca her a\u015famay\u0131 titizlikle takip ediyor, e\u015fyalar\u0131n\u0131z\u0131 olabildi\u011fince h\u0131zl\u0131 ve sorunsuz bir \u015fekilde yeni adresinize ula\u015ft\u0131r\u0131yoruz.<\/p>\n<p>\u0130ster ev ta\u015f\u0131mas\u0131, ister ofis ta\u015f\u0131mac\u0131l\u0131\u011f\u0131 yap\u0131yor olun, Saruhan Nakliyat olarak her t\u00fcrl\u00fc ta\u015f\u0131mac\u0131l\u0131k ihtiyac\u0131n\u0131za \u00e7\u00f6z\u00fcm sunuyoruz. Deneyimli ekibimiz, kaliteli ta\u015f\u0131ma ara\u00e7lar\u0131m\u0131z ve her t\u00fcrl\u00fc ta\u015f\u0131nma ihtiyac\u0131na uygun hizmet se\u00e7eneklerimiz ile sizlere en iyi hizmeti sunmay\u0131 hedefliyoruz.<\/p>\n<ul>\n<li><strong>H\u0131zl\u0131 ve G\u00fcvenli Ta\u015f\u0131ma:<\/strong> E\u015fyalar\u0131n\u0131z\u0131n g\u00fcvenli\u011fi bizim i\u00e7in \u00f6nceliklidir. Her \u015feyin sa\u011flam ve h\u0131zl\u0131 bir \u015fekilde ta\u015f\u0131nd\u0131\u011f\u0131ndan emin olabilirsiniz.<\/li>\n<li><strong>Deneyimli ve Profesyonel Ekip:<\/strong> Saruhan Nakliyat olarak, ta\u015f\u0131ma i\u015flerinde y\u0131llard\u0131r edindi\u011fimiz deneyimle her t\u00fcrl\u00fc ta\u015f\u0131nma i\u015flemini profesyonel bir \u015fekilde ger\u00e7ekle\u015ftiriyoruz.<\/li>\n<li><strong>Zaman\u0131nda Teslimat:<\/strong> Ta\u015f\u0131nman\u0131z\u0131n zaman\u0131nda tamamlanmas\u0131 bizim i\u00e7in \u00e7ok \u00f6nemli. E\u015fyalar\u0131n\u0131z\u0131n belirtilen s\u00fcre i\u00e7inde yeni adresinize ula\u015fmas\u0131n\u0131 garanti ediyoruz.<\/li>\n<\/ul>\n<p>\u0130stanbul\u2019dan \u0130zmir\u2019e ta\u015f\u0131mac\u0131l\u0131k hizmeti al\u0131rken, i\u015finizi kolayla\u015ft\u0131rmak ve ta\u015f\u0131nma s\u00fcrecinizi stressiz hale getirmek i\u00e7in bizimle ileti\u015fime ge\u00e7ebilirsiniz. Saruhan Nakliyat, ta\u015f\u0131mac\u0131l\u0131kla ilgili her t\u00fcrl\u00fc ihtiyac\u0131n\u0131za \u00e7\u00f6z\u00fcm sunmaya haz\u0131r!<\/p>\n<hr \/>\n<p>&nbsp;<\/p>\n","protected":false},"excerpt":{"rendered":"<p>\u0130stanbul\u2019dan \u0130zmir\u2019e ta\u015f\u0131nmak m\u0131 istiyorsunuz? Saruhan Nakliyat olarak, e\u015fyalar\u0131n\u0131z\u0131 g\u00fcvenle ve h\u0131zl\u0131 bir \u015fekilde ta\u015f\u0131yoruz. Y\u0131llar\u0131n verdi\u011fi deneyimle, ta\u015f\u0131mac\u0131l\u0131k i\u015finde [&hellip;]<\/p>\n","protected":false},"author":1,"featured_media":0,"parent":0,"menu_order":0,"comment_status":"closed","ping_status":"closed","template":"","meta":{"site-sidebar-layout":"default","site-content-layout":"","ast-site-content-layout":"default","site-content-style":"default","site-sidebar-style":"default","ast-global-header-display":"","ast-banner-title-visibility":"","ast-main-header-display":"","ast-hfb-above-header-display":"","ast-hfb-below-header-display":"","ast-hfb-mobile-header-display":"","site-post-title":"","ast-breadcrumbs-content":"","ast-featured-img":"","footer-sml-layout":"","theme-transparent-header-meta":"default","adv-header-id-meta":"","stick-header-meta":"","header-above-stick-meta":"","header-main-stick-meta":"","header-below-stick-meta":"","astra-migrate-meta-layouts":"set","ast-page-background-enabled":"default","ast-page-background-meta":{"desktop":{"background-color":"var(--ast-global-color-5)","background-image":"","background-repeat":"repeat","background-position":"center center","background-size":"auto","background-attachment":"scroll","background-type":"","background-media":"","overlay-type":"","overlay-color":"","overlay-opacity":"","overlay-gradient":""},"tablet":{"background-color":"","background-image":"","background-repeat":"repeat","background-position":"center center","background-size":"auto","background-attachment":"scroll","background-type":"","background-media":"","overlay-type":"","overlay-color":"","overlay-opacity":"","overlay-gradient":""},"mobile":{"background-color":"","background-image":"","background-repeat":"repeat","background-position":"center center","background-size":"auto","background-attachment":"scroll","background-type":"","background-media":"","overlay-type":"","overlay-color":"","overlay-opacity":"","overlay-gradient":""}},"ast-content-background-meta":{"desktop":{"background-color":"var(--ast-global-color-4)","background-image":"","background-repeat":"repeat","background-position":"center center","background-size":"auto","background-attachment":"scroll","background-type":"","background-media":"","overlay-type":"","overlay-color":"","overlay-opacity":"","overlay-gradient":""},"tablet":{"background-color":"var(--ast-global-color-4)","background-image":"","background-repeat":"repeat","background-position":"center center","background-size":"auto","background-attachment":"scroll","background-type":"","background-media":"","overlay-type":"","overlay-color":"","overlay-opacity":"","overlay-gradient":""},"mobile":{"background-color":"var(--ast-global-color-4)","background-image":"","background-repeat":"repeat","background-position":"center center","background-size":"auto","background-attachment":"scroll","background-type":"","background-media":"","overlay-type":"","overlay-color":"","overlay-opacity":"","overlay-gradient":""}},"footnotes":""},"class_list":["post-121","page","type-page","status-publish","hentry"],"_links":{"self":[{"href":"https:\/\/saruhannakliyat.com\/index.php\/wp-json\/wp\/v2\/pages\/121","targetHints":{"allow":["GET"]}}],"collection":[{"href":"https:\/\/saruhannakliyat.com\/index.php\/wp-json\/wp\/v2\/pages"}],"about":[{"href":"https:\/\/saruhannakliyat.com\/index.php\/wp-json\/wp\/v2\/types\/page"}],"author":[{"embeddable":true,"href":"https:\/\/saruhannakliyat.com\/index.php\/wp-json\/wp\/v2\/users\/1"}],"replies":[{"embeddable":true,"href":"https:\/\/saruhannakliyat.com\/index.php\/wp-json\/wp\/v2\/comments?post=121"}],"version-history":[{"count":1,"href":"https:\/\/saruhannakliyat.com\/index.php\/wp-json\/wp\/v2\/pages\/121\/revisions"}],"predecessor-version":[{"id":122,"href":"https:\/\/saruhannakliyat.com\/index.php\/wp-json\/wp\/v2\/pages\/121\/revisions\/122"}],"wp:attachment":[{"href":"https:\/\/saruhannakliyat.com\/index.php\/wp-json\/wp\/v2\/media?parent=121"}],"curies":[{"name":"wp","href":"https:\/\/api.w.org\/{rel}","templated":true}]}}