{"id":130,"date":"2025-02-07T21:49:47","date_gmt":"2025-02-07T18:49:47","guid":{"rendered":"https:\/\/saruhannakliyat.com\/?page_id=130"},"modified":"2025-02-07T22:56:33","modified_gmt":"2025-02-07T19:56:33","slug":"istanbul-maltepe-kartal-evden-eve-nakliyat","status":"publish","type":"page","link":"https:\/\/saruhannakliyat.com\/index.php\/istanbul-maltepe-kartal-evden-eve-nakliyat\/","title":{"rendered":"\u0130stanbul Maltepe &#8211; Kartal Aras\u0131 Nakliyat"},"content":{"rendered":"<p>\u0130stanbul\u2019un Maltepe ile Kartal gibi yak\u0131n semtleri aras\u0131nda ta\u015f\u0131nmak m\u0131 istiyorsunuz? Saruhan Nakliyat, Maltepe ile Kartal aras\u0131ndaki evden eve ta\u015f\u0131ma ihtiya\u00e7lar\u0131n\u0131z\u0131 g\u00fcvenle kar\u015f\u0131l\u0131yor. Ta\u015f\u0131nma s\u00fcrecini h\u0131zl\u0131, kolay ve sorunsuz hale getiriyoruz.<\/p>\n<p>E\u015fyalar\u0131n\u0131z, deneyimli ekibimiz ve kaliteli ta\u015f\u0131ma ara\u00e7lar\u0131m\u0131zla en iyi \u015fekilde ta\u015f\u0131n\u0131r. Her ad\u0131mda, e\u015fyalar\u0131n\u0131z\u0131n g\u00fcvenli\u011fini \u00f6n planda tutarak, ta\u015f\u0131nma s\u00fcrecinizi minimum stresle tamaml\u0131yoruz.<\/p>\n<ul>\n<li><strong>H\u0131zl\u0131 ve g\u00fcvenli ta\u015f\u0131ma<\/strong><\/li>\n<li><strong>Deneyimli ekip ve modern ara\u00e7lar<\/strong><\/li>\n<li><strong>Zaman\u0131nda teslimat garantisi<\/strong><\/li>\n<\/ul>\n<p>Maltepe Kartal aras\u0131 ta\u015f\u0131nacaksan\u0131z, bizimle ileti\u015fime ge\u00e7in, ta\u015f\u0131nma s\u00fcrecini h\u0131zl\u0131ca ve sorunsuz bir \u015fekilde halledelim!<\/p>\n","protected":false},"excerpt":{"rendered":"<p>\u0130stanbul\u2019un Maltepe ile Kartal gibi yak\u0131n semtleri aras\u0131nda ta\u015f\u0131nmak m\u0131 istiyorsunuz? Saruhan Nakliyat, Maltepe ile Kartal aras\u0131ndaki evden eve ta\u015f\u0131ma [&hellip;]<\/p>\n","protected":false},"author":1,"featured_media":0,"parent":0,"menu_order":0,"comment_status":"closed","ping_status":"closed","template":"","meta":{"site-sidebar-layout":"default","site-content-layout":"","ast-site-content-layout":"default","site-content-style":"default","site-sidebar-style":"default","ast-global-header-display":"","ast-banner-title-visibility":"","ast-main-header-display":"","ast-hfb-above-header-display":"","ast-hfb-below-header-display":"","ast-hfb-mobile-header-display":"","site-post-title":"","ast-breadcrumbs-content":"","ast-featured-img":"","footer-sml-layout":"","theme-transparent-header-meta":"default","adv-header-id-meta":"","stick-header-meta":"","header-above-stick-meta":"","header-main-stick-meta":"","header-below-stick-meta":"","astra-migrate-meta-layouts":"set","ast-page-background-enabled":"default","ast-page-background-meta":{"desktop":{"background-color":"var(--ast-global-color-5)","background-image":"","background-repeat":"repeat","background-position":"center center","background-size":"auto","background-attachment":"scroll","background-type":"","background-media":"","overlay-type":"","overlay-color":"","overlay-opacity":"","overlay-gradient":""},"tablet":{"background-color":"","background-image":"","background-repeat":"repeat","background-position":"center center","background-size":"auto","background-attachment":"scroll","background-type":"","background-media":"","overlay-type":"","overlay-color":"","overlay-opacity":"","overlay-gradient":""},"mobile":{"background-color":"","background-image":"","background-repeat":"repeat","background-position":"center center","background-size":"auto","background-attachment":"scroll","background-type":"","background-media":"","overlay-type":"","overlay-color":"","overlay-opacity":"","overlay-gradient":""}},"ast-content-background-meta":{"desktop":{"background-color":"var(--ast-global-color-4)","background-image":"","background-repeat":"repeat","background-position":"center center","background-size":"auto","background-attachment":"scroll","background-type":"","background-media":"","overlay-type":"","overlay-color":"","overlay-opacity":"","overlay-gradient":""},"tablet":{"background-color":"var(--ast-global-color-4)","background-image":"","background-repeat":"repeat","background-position":"center center","background-size":"auto","background-attachment":"scroll","background-type":"","background-media":"","overlay-type":"","overlay-color":"","overlay-opacity":"","overlay-gradient":""},"mobile":{"background-color":"var(--ast-global-color-4)","background-image":"","background-repeat":"repeat","background-position":"center center","background-size":"auto","background-attachment":"scroll","background-type":"","background-media":"","overlay-type":"","overlay-color":"","overlay-opacity":"","overlay-gradient":""}},"footnotes":""},"class_list":["post-130","page","type-page","status-publish","hentry"],"_links":{"self":[{"href":"https:\/\/saruhannakliyat.com\/index.php\/wp-json\/wp\/v2\/pages\/130","targetHints":{"allow":["GET"]}}],"collection":[{"href":"https:\/\/saruhannakliyat.com\/index.php\/wp-json\/wp\/v2\/pages"}],"about":[{"href":"https:\/\/saruhannakliyat.com\/index.php\/wp-json\/wp\/v2\/types\/page"}],"author":[{"embeddable":true,"href":"https:\/\/saruhannakliyat.com\/index.php\/wp-json\/wp\/v2\/users\/1"}],"replies":[{"embeddable":true,"href":"https:\/\/saruhannakliyat.com\/index.php\/wp-json\/wp\/v2\/comments?post=130"}],"version-history":[{"count":2,"href":"https:\/\/saruhannakliyat.com\/index.php\/wp-json\/wp\/v2\/pages\/130\/revisions"}],"predecessor-version":[{"id":176,"href":"https:\/\/saruhannakliyat.com\/index.php\/wp-json\/wp\/v2\/pages\/130\/revisions\/176"}],"wp:attachment":[{"href":"https:\/\/saruhannakliyat.com\/index.php\/wp-json\/wp\/v2\/media?parent=130"}],"curies":[{"name":"wp","href":"https:\/\/api.w.org\/{rel}","templated":true}]}}