{"id":132,"date":"2025-02-07T21:50:45","date_gmt":"2025-02-07T18:50:45","guid":{"rendered":"https:\/\/saruhannakliyat.com\/?page_id=132"},"modified":"2025-02-07T22:56:06","modified_gmt":"2025-02-07T19:56:06","slug":"istanbul-bayrampasa-pendik-evden-eve-nakliyat","status":"publish","type":"page","link":"https:\/\/saruhannakliyat.com\/index.php\/istanbul-bayrampasa-pendik-evden-eve-nakliyat\/","title":{"rendered":"\u0130stanbul Bayrampa\u015fa &#8211; Pendik Aras\u0131 Nakliyat"},"content":{"rendered":"<p>\u0130stanbul\u2019un Bayrampa\u015fa ile Pendik semtleri aras\u0131nda ta\u015f\u0131nmak m\u0131 istiyorsunuz? Saruhan Nakliyat olarak, Bayrampa\u015fa\u2019dan Pendik\u2019e ta\u015f\u0131nman\u0131z\u0131 h\u0131zl\u0131, g\u00fcvenli ve sorunsuz bir \u015fekilde ger\u00e7ekle\u015ftiriyoruz. Deneyimli ekibimiz, kaliteli ta\u015f\u0131ma ara\u00e7lar\u0131m\u0131z ve \u00f6zenli hizmet anlay\u0131\u015f\u0131m\u0131zla ta\u015f\u0131nma s\u00fcrecinizi en iyi \u015fekilde y\u00f6netiyoruz.<\/p>\n<p>Her t\u00fcrl\u00fc ta\u015f\u0131nma ihtiyac\u0131n\u0131z\u0131 kar\u015f\u0131l\u0131yor, e\u015fyalar\u0131n\u0131z\u0131n g\u00fcvenli\u011fini \u00f6n planda tutarak, yeni evinize h\u0131zl\u0131ca yerle\u015fmenizi sa\u011fl\u0131yoruz. Bayrampa\u015fa\u2019dan Pendik\u2019e ta\u015f\u0131n\u0131rken, zaman\u0131nda teslimat garantisi ve sorunsuz hizmet sa\u011fl\u0131yoruz.<\/p>\n<ul>\n<li><strong>H\u0131zl\u0131 ve g\u00fcvenli ta\u015f\u0131ma<\/strong><\/li>\n<li><strong>Profesyonel ve deneyimli ekip<\/strong><\/li>\n<li><strong>Zaman\u0131nda teslimat garantisi<\/strong><\/li>\n<\/ul>\n<p>Bayrampa\u015fa Pendik aras\u0131 ta\u015f\u0131nmak istiyorsan\u0131z, bizimle ileti\u015fime ge\u00e7in. Ta\u015f\u0131nma s\u00fcrecini sorunsuz ve h\u0131zl\u0131 bir \u015fekilde tamamlayal\u0131m!<\/p>\n","protected":false},"excerpt":{"rendered":"<p>\u0130stanbul\u2019un Bayrampa\u015fa ile Pendik semtleri aras\u0131nda ta\u015f\u0131nmak m\u0131 istiyorsunuz? Saruhan Nakliyat olarak, Bayrampa\u015fa\u2019dan Pendik\u2019e ta\u015f\u0131nman\u0131z\u0131 h\u0131zl\u0131, g\u00fcvenli ve sorunsuz bir [&hellip;]<\/p>\n","protected":false},"author":1,"featured_media":0,"parent":0,"menu_order":0,"comment_status":"closed","ping_status":"closed","template":"","meta":{"site-sidebar-layout":"default","site-content-layout":"","ast-site-content-layout":"default","site-content-style":"default","site-sidebar-style":"default","ast-global-header-display":"","ast-banner-title-visibility":"","ast-main-header-display":"","ast-hfb-above-header-display":"","ast-hfb-below-header-display":"","ast-hfb-mobile-header-display":"","site-post-title":"","ast-breadcrumbs-content":"","ast-featured-img":"","footer-sml-layout":"","theme-transparent-header-meta":"default","adv-header-id-meta":"","stick-header-meta":"","header-above-stick-meta":"","header-main-stick-meta":"","header-below-stick-meta":"","astra-migrate-meta-layouts":"set","ast-page-background-enabled":"default","ast-page-background-meta":{"desktop":{"background-color":"var(--ast-global-color-5)","background-image":"","background-repeat":"repeat","background-position":"center center","background-size":"auto","background-attachment":"scroll","background-type":"","background-media":"","overlay-type":"","overlay-color":"","overlay-opacity":"","overlay-gradient":""},"tablet":{"background-color":"","background-image":"","background-repeat":"repeat","background-position":"center center","background-size":"auto","background-attachment":"scroll","background-type":"","background-media":"","overlay-type":"","overlay-color":"","overlay-opacity":"","overlay-gradient":""},"mobile":{"background-color":"","background-image":"","background-repeat":"repeat","background-position":"center center","background-size":"auto","background-attachment":"scroll","background-type":"","background-media":"","overlay-type":"","overlay-color":"","overlay-opacity":"","overlay-gradient":""}},"ast-content-background-meta":{"desktop":{"background-color":"var(--ast-global-color-4)","background-image":"","background-repeat":"repeat","background-position":"center center","background-size":"auto","background-attachment":"scroll","background-type":"","background-media":"","overlay-type":"","overlay-color":"","overlay-opacity":"","overlay-gradient":""},"tablet":{"background-color":"var(--ast-global-color-4)","background-image":"","background-repeat":"repeat","background-position":"center center","background-size":"auto","background-attachment":"scroll","background-type":"","background-media":"","overlay-type":"","overlay-color":"","overlay-opacity":"","overlay-gradient":""},"mobile":{"background-color":"var(--ast-global-color-4)","background-image":"","background-repeat":"repeat","background-position":"center center","background-size":"auto","background-attachment":"scroll","background-type":"","background-media":"","overlay-type":"","overlay-color":"","overlay-opacity":"","overlay-gradient":""}},"footnotes":""},"class_list":["post-132","page","type-page","status-publish","hentry"],"_links":{"self":[{"href":"https:\/\/saruhannakliyat.com\/index.php\/wp-json\/wp\/v2\/pages\/132","targetHints":{"allow":["GET"]}}],"collection":[{"href":"https:\/\/saruhannakliyat.com\/index.php\/wp-json\/wp\/v2\/pages"}],"about":[{"href":"https:\/\/saruhannakliyat.com\/index.php\/wp-json\/wp\/v2\/types\/page"}],"author":[{"embeddable":true,"href":"https:\/\/saruhannakliyat.com\/index.php\/wp-json\/wp\/v2\/users\/1"}],"replies":[{"embeddable":true,"href":"https:\/\/saruhannakliyat.com\/index.php\/wp-json\/wp\/v2\/comments?post=132"}],"version-history":[{"count":2,"href":"https:\/\/saruhannakliyat.com\/index.php\/wp-json\/wp\/v2\/pages\/132\/revisions"}],"predecessor-version":[{"id":173,"href":"https:\/\/saruhannakliyat.com\/index.php\/wp-json\/wp\/v2\/pages\/132\/revisions\/173"}],"wp:attachment":[{"href":"https:\/\/saruhannakliyat.com\/index.php\/wp-json\/wp\/v2\/media?parent=132"}],"curies":[{"name":"wp","href":"https:\/\/api.w.org\/{rel}","templated":true}]}}