{"id":134,"date":"2025-02-07T21:56:56","date_gmt":"2025-02-07T18:56:56","guid":{"rendered":"https:\/\/saruhannakliyat.com\/?page_id=134"},"modified":"2025-02-07T22:56:22","modified_gmt":"2025-02-07T19:56:22","slug":"istanbul-kadikoy-uskudar-evden-eve-nakliyat","status":"publish","type":"page","link":"https:\/\/saruhannakliyat.com\/index.php\/istanbul-kadikoy-uskudar-evden-eve-nakliyat\/","title":{"rendered":"\u0130stanbul Kad\u0131k\u00f6y &#8211; \u00dcsk\u00fcdar Aras\u0131 Nakliyat"},"content":{"rendered":"<p>Kad\u0131k\u00f6y\u2019den \u00dcsk\u00fcdar\u2019a ta\u015f\u0131nmak m\u0131 istiyorsunuz? Saruhan Nakliyat, Kad\u0131k\u00f6y ve \u00dcsk\u00fcdar aras\u0131ndaki evden eve ta\u015f\u0131mac\u0131l\u0131k hizmetini g\u00fcvenle ve h\u0131zl\u0131ca sa\u011fl\u0131yor. E\u015fyalar\u0131n\u0131z\u0131, profesyonel ekibimiz ve modern ta\u015f\u0131ma ara\u00e7lar\u0131m\u0131zla en iyi \u015fekilde ta\u015f\u0131yoruz. Zaman\u0131nda teslimat garantisi ile ta\u015f\u0131nman\u0131z\u0131 sorunsuz hale getiriyoruz.<\/p>\n<ul>\n<li><strong>H\u0131zl\u0131 ve g\u00fcvenli ta\u015f\u0131ma<\/strong><\/li>\n<li><strong>Profesyonel ekip<\/strong><\/li>\n<li><strong>Zaman\u0131nda teslimat garantisi<\/strong><\/li>\n<\/ul>\n<p>Kad\u0131k\u00f6y ile \u00dcsk\u00fcdar aras\u0131nda ta\u015f\u0131nma i\u015fleminiz i\u00e7in bizimle ileti\u015fime ge\u00e7in!<\/p>\n","protected":false},"excerpt":{"rendered":"<p>Kad\u0131k\u00f6y\u2019den \u00dcsk\u00fcdar\u2019a ta\u015f\u0131nmak m\u0131 istiyorsunuz? Saruhan Nakliyat, Kad\u0131k\u00f6y ve \u00dcsk\u00fcdar aras\u0131ndaki evden eve ta\u015f\u0131mac\u0131l\u0131k hizmetini g\u00fcvenle ve h\u0131zl\u0131ca sa\u011fl\u0131yor. E\u015fyalar\u0131n\u0131z\u0131, [&hellip;]<\/p>\n","protected":false},"author":1,"featured_media":0,"parent":0,"menu_order":0,"comment_status":"closed","ping_status":"closed","template":"","meta":{"site-sidebar-layout":"default","site-content-layout":"","ast-site-content-layout":"default","site-content-style":"default","site-sidebar-style":"default","ast-global-header-display":"","ast-banner-title-visibility":"","ast-main-header-display":"","ast-hfb-above-header-display":"","ast-hfb-below-header-display":"","ast-hfb-mobile-header-display":"","site-post-title":"","ast-breadcrumbs-content":"","ast-featured-img":"","footer-sml-layout":"","theme-transparent-header-meta":"default","adv-header-id-meta":"","stick-header-meta":"","header-above-stick-meta":"","header-main-stick-meta":"","header-below-stick-meta":"","astra-migrate-meta-layouts":"set","ast-page-background-enabled":"default","ast-page-background-meta":{"desktop":{"background-color":"var(--ast-global-color-5)","background-image":"","background-repeat":"repeat","background-position":"center center","background-size":"auto","background-attachment":"scroll","background-type":"","background-media":"","overlay-type":"","overlay-color":"","overlay-opacity":"","overlay-gradient":""},"tablet":{"background-color":"","background-image":"","background-repeat":"repeat","background-position":"center center","background-size":"auto","background-attachment":"scroll","background-type":"","background-media":"","overlay-type":"","overlay-color":"","overlay-opacity":"","overlay-gradient":""},"mobile":{"background-color":"","background-image":"","background-repeat":"repeat","background-position":"center center","background-size":"auto","background-attachment":"scroll","background-type":"","background-media":"","overlay-type":"","overlay-color":"","overlay-opacity":"","overlay-gradient":""}},"ast-content-background-meta":{"desktop":{"background-color":"var(--ast-global-color-4)","background-image":"","background-repeat":"repeat","background-position":"center center","background-size":"auto","background-attachment":"scroll","background-type":"","background-media":"","overlay-type":"","overlay-color":"","overlay-opacity":"","overlay-gradient":""},"tablet":{"background-color":"var(--ast-global-color-4)","background-image":"","background-repeat":"repeat","background-position":"center center","background-size":"auto","background-attachment":"scroll","background-type":"","background-media":"","overlay-type":"","overlay-color":"","overlay-opacity":"","overlay-gradient":""},"mobile":{"background-color":"var(--ast-global-color-4)","background-image":"","background-repeat":"repeat","background-position":"center center","background-size":"auto","background-attachment":"scroll","background-type":"","background-media":"","overlay-type":"","overlay-color":"","overlay-opacity":"","overlay-gradient":""}},"footnotes":""},"class_list":["post-134","page","type-page","status-publish","hentry"],"_links":{"self":[{"href":"https:\/\/saruhannakliyat.com\/index.php\/wp-json\/wp\/v2\/pages\/134","targetHints":{"allow":["GET"]}}],"collection":[{"href":"https:\/\/saruhannakliyat.com\/index.php\/wp-json\/wp\/v2\/pages"}],"about":[{"href":"https:\/\/saruhannakliyat.com\/index.php\/wp-json\/wp\/v2\/types\/page"}],"author":[{"embeddable":true,"href":"https:\/\/saruhannakliyat.com\/index.php\/wp-json\/wp\/v2\/users\/1"}],"replies":[{"embeddable":true,"href":"https:\/\/saruhannakliyat.com\/index.php\/wp-json\/wp\/v2\/comments?post=134"}],"version-history":[{"count":2,"href":"https:\/\/saruhannakliyat.com\/index.php\/wp-json\/wp\/v2\/pages\/134\/revisions"}],"predecessor-version":[{"id":175,"href":"https:\/\/saruhannakliyat.com\/index.php\/wp-json\/wp\/v2\/pages\/134\/revisions\/175"}],"wp:attachment":[{"href":"https:\/\/saruhannakliyat.com\/index.php\/wp-json\/wp\/v2\/media?parent=134"}],"curies":[{"name":"wp","href":"https:\/\/api.w.org\/{rel}","templated":true}]}}