{"id":136,"date":"2025-02-07T21:57:30","date_gmt":"2025-02-07T18:57:30","guid":{"rendered":"https:\/\/saruhannakliyat.com\/?page_id=136"},"modified":"2025-02-07T22:56:15","modified_gmt":"2025-02-07T19:56:15","slug":"istanbul-besiktas-sisli-evden-eve-nakliyat","status":"publish","type":"page","link":"https:\/\/saruhannakliyat.com\/index.php\/istanbul-besiktas-sisli-evden-eve-nakliyat\/","title":{"rendered":"\u0130stanbul Be\u015fikta\u015f &#8211; \u015ei\u015fli Aras\u0131 Nakliyat"},"content":{"rendered":"<p>&nbsp;<\/p>\n<p>Be\u015fikta\u015f\u2019tan \u015ei\u015fli\u2019ye ta\u015f\u0131nmak m\u0131 istiyorsunuz? Saruhan Nakliyat, Be\u015fikta\u015f ve \u015ei\u015fli aras\u0131ndaki ta\u015f\u0131mac\u0131l\u0131k ihtiyac\u0131n\u0131z\u0131 h\u0131zl\u0131, g\u00fcvenli ve profesyonel bir \u015fekilde kar\u015f\u0131l\u0131yor. Deneyimli ekibimiz ve kaliteli ara\u00e7lar\u0131m\u0131zla ta\u015f\u0131nma s\u00fcrecinizi kolayla\u015ft\u0131r\u0131yoruz.<\/p>\n<ul>\n<li><strong>H\u0131zl\u0131 ve g\u00fcvenli ta\u015f\u0131ma<\/strong><\/li>\n<li><strong>Profesyonel ve deneyimli ekip<\/strong><\/li>\n<li><strong>Zaman\u0131nda teslimat garantisi<\/strong><\/li>\n<\/ul>\n<p>Be\u015fikta\u015f ile \u015ei\u015fli aras\u0131ndaki ta\u015f\u0131nma i\u00e7in bizimle ileti\u015fime ge\u00e7in!<\/p>\n","protected":false},"excerpt":{"rendered":"<p>&nbsp; Be\u015fikta\u015f\u2019tan \u015ei\u015fli\u2019ye ta\u015f\u0131nmak m\u0131 istiyorsunuz? Saruhan Nakliyat, Be\u015fikta\u015f ve \u015ei\u015fli aras\u0131ndaki ta\u015f\u0131mac\u0131l\u0131k ihtiyac\u0131n\u0131z\u0131 h\u0131zl\u0131, g\u00fcvenli ve profesyonel bir \u015fekilde [&hellip;]<\/p>\n","protected":false},"author":1,"featured_media":0,"parent":0,"menu_order":0,"comment_status":"closed","ping_status":"closed","template":"","meta":{"site-sidebar-layout":"default","site-content-layout":"","ast-site-content-layout":"default","site-content-style":"default","site-sidebar-style":"default","ast-global-header-display":"","ast-banner-title-visibility":"","ast-main-header-display":"","ast-hfb-above-header-display":"","ast-hfb-below-header-display":"","ast-hfb-mobile-header-display":"","site-post-title":"","ast-breadcrumbs-content":"","ast-featured-img":"","footer-sml-layout":"","theme-transparent-header-meta":"default","adv-header-id-meta":"","stick-header-meta":"","header-above-stick-meta":"","header-main-stick-meta":"","header-below-stick-meta":"","astra-migrate-meta-layouts":"set","ast-page-background-enabled":"default","ast-page-background-meta":{"desktop":{"background-color":"var(--ast-global-color-5)","background-image":"","background-repeat":"repeat","background-position":"center center","background-size":"auto","background-attachment":"scroll","background-type":"","background-media":"","overlay-type":"","overlay-color":"","overlay-opacity":"","overlay-gradient":""},"tablet":{"background-color":"","background-image":"","background-repeat":"repeat","background-position":"center center","background-size":"auto","background-attachment":"scroll","background-type":"","background-media":"","overlay-type":"","overlay-color":"","overlay-opacity":"","overlay-gradient":""},"mobile":{"background-color":"","background-image":"","background-repeat":"repeat","background-position":"center center","background-size":"auto","background-attachment":"scroll","background-type":"","background-media":"","overlay-type":"","overlay-color":"","overlay-opacity":"","overlay-gradient":""}},"ast-content-background-meta":{"desktop":{"background-color":"var(--ast-global-color-4)","background-image":"","background-repeat":"repeat","background-position":"center center","background-size":"auto","background-attachment":"scroll","background-type":"","background-media":"","overlay-type":"","overlay-color":"","overlay-opacity":"","overlay-gradient":""},"tablet":{"background-color":"var(--ast-global-color-4)","background-image":"","background-repeat":"repeat","background-position":"center center","background-size":"auto","background-attachment":"scroll","background-type":"","background-media":"","overlay-type":"","overlay-color":"","overlay-opacity":"","overlay-gradient":""},"mobile":{"background-color":"var(--ast-global-color-4)","background-image":"","background-repeat":"repeat","background-position":"center center","background-size":"auto","background-attachment":"scroll","background-type":"","background-media":"","overlay-type":"","overlay-color":"","overlay-opacity":"","overlay-gradient":""}},"footnotes":""},"class_list":["post-136","page","type-page","status-publish","hentry"],"_links":{"self":[{"href":"https:\/\/saruhannakliyat.com\/index.php\/wp-json\/wp\/v2\/pages\/136","targetHints":{"allow":["GET"]}}],"collection":[{"href":"https:\/\/saruhannakliyat.com\/index.php\/wp-json\/wp\/v2\/pages"}],"about":[{"href":"https:\/\/saruhannakliyat.com\/index.php\/wp-json\/wp\/v2\/types\/page"}],"author":[{"embeddable":true,"href":"https:\/\/saruhannakliyat.com\/index.php\/wp-json\/wp\/v2\/users\/1"}],"replies":[{"embeddable":true,"href":"https:\/\/saruhannakliyat.com\/index.php\/wp-json\/wp\/v2\/comments?post=136"}],"version-history":[{"count":2,"href":"https:\/\/saruhannakliyat.com\/index.php\/wp-json\/wp\/v2\/pages\/136\/revisions"}],"predecessor-version":[{"id":174,"href":"https:\/\/saruhannakliyat.com\/index.php\/wp-json\/wp\/v2\/pages\/136\/revisions\/174"}],"wp:attachment":[{"href":"https:\/\/saruhannakliyat.com\/index.php\/wp-json\/wp\/v2\/media?parent=136"}],"curies":[{"name":"wp","href":"https:\/\/api.w.org\/{rel}","templated":true}]}}