{"id":138,"date":"2025-02-07T21:58:11","date_gmt":"2025-02-07T18:58:11","guid":{"rendered":"https:\/\/saruhannakliyat.com\/?page_id=138"},"modified":"2025-02-07T22:55:54","modified_gmt":"2025-02-07T19:55:54","slug":"istanbul-bakirkoy-bahcelievler-evden-eve-nakliyat","status":"publish","type":"page","link":"https:\/\/saruhannakliyat.com\/index.php\/istanbul-bakirkoy-bahcelievler-evden-eve-nakliyat\/","title":{"rendered":"\u0130stanbul Bak\u0131rk\u00f6y &#8211; Bah\u00e7elievler Aras\u0131 Nakliyat"},"content":{"rendered":"<p>Bak\u0131rk\u00f6y\u2019den Bah\u00e7elievler\u2019e ta\u015f\u0131n\u0131rken, Saruhan Nakliyat sizinle! Bak\u0131rk\u00f6y ile Bah\u00e7elievler aras\u0131ndaki evden eve ta\u015f\u0131mac\u0131l\u0131k hizmetini g\u00fcvenle sa\u011fl\u0131yoruz. E\u015fyalar\u0131n\u0131z\u0131 sa\u011flam bir \u015fekilde ta\u015f\u0131yor, ta\u015f\u0131nma s\u00fcrecinizin h\u0131zl\u0131 ve sorunsuz olmas\u0131n\u0131 sa\u011fl\u0131yoruz.<\/p>\n<ul>\n<li><strong>H\u0131zl\u0131 ve g\u00fcvenli ta\u015f\u0131ma<\/strong><\/li>\n<li><strong>Profesyonel ve deneyimli ekip<\/strong><\/li>\n<li><strong>Zaman\u0131nda teslimat garantisi<\/strong><\/li>\n<\/ul>\n<p>Bak\u0131rk\u00f6y ile Bah\u00e7elievler aras\u0131nda ta\u015f\u0131n\u0131rken bizimle ileti\u015fime ge\u00e7in, ta\u015f\u0131nma s\u00fcrecini rahat\u00e7a halledelim!<\/p>\n","protected":false},"excerpt":{"rendered":"<p>Bak\u0131rk\u00f6y\u2019den Bah\u00e7elievler\u2019e ta\u015f\u0131n\u0131rken, Saruhan Nakliyat sizinle! Bak\u0131rk\u00f6y ile Bah\u00e7elievler aras\u0131ndaki evden eve ta\u015f\u0131mac\u0131l\u0131k hizmetini g\u00fcvenle sa\u011fl\u0131yoruz. E\u015fyalar\u0131n\u0131z\u0131 sa\u011flam bir \u015fekilde [&hellip;]<\/p>\n","protected":false},"author":1,"featured_media":0,"parent":0,"menu_order":0,"comment_status":"closed","ping_status":"closed","template":"","meta":{"site-sidebar-layout":"default","site-content-layout":"","ast-site-content-layout":"default","site-content-style":"default","site-sidebar-style":"default","ast-global-header-display":"","ast-banner-title-visibility":"","ast-main-header-display":"","ast-hfb-above-header-display":"","ast-hfb-below-header-display":"","ast-hfb-mobile-header-display":"","site-post-title":"","ast-breadcrumbs-content":"","ast-featured-img":"","footer-sml-layout":"","theme-transparent-header-meta":"default","adv-header-id-meta":"","stick-header-meta":"","header-above-stick-meta":"","header-main-stick-meta":"","header-below-stick-meta":"","astra-migrate-meta-layouts":"set","ast-page-background-enabled":"default","ast-page-background-meta":{"desktop":{"background-color":"var(--ast-global-color-5)","background-image":"","background-repeat":"repeat","background-position":"center center","background-size":"auto","background-attachment":"scroll","background-type":"","background-media":"","overlay-type":"","overlay-color":"","overlay-opacity":"","overlay-gradient":""},"tablet":{"background-color":"","background-image":"","background-repeat":"repeat","background-position":"center center","background-size":"auto","background-attachment":"scroll","background-type":"","background-media":"","overlay-type":"","overlay-color":"","overlay-opacity":"","overlay-gradient":""},"mobile":{"background-color":"","background-image":"","background-repeat":"repeat","background-position":"center center","background-size":"auto","background-attachment":"scroll","background-type":"","background-media":"","overlay-type":"","overlay-color":"","overlay-opacity":"","overlay-gradient":""}},"ast-content-background-meta":{"desktop":{"background-color":"var(--ast-global-color-4)","background-image":"","background-repeat":"repeat","background-position":"center center","background-size":"auto","background-attachment":"scroll","background-type":"","background-media":"","overlay-type":"","overlay-color":"","overlay-opacity":"","overlay-gradient":""},"tablet":{"background-color":"var(--ast-global-color-4)","background-image":"","background-repeat":"repeat","background-position":"center center","background-size":"auto","background-attachment":"scroll","background-type":"","background-media":"","overlay-type":"","overlay-color":"","overlay-opacity":"","overlay-gradient":""},"mobile":{"background-color":"var(--ast-global-color-4)","background-image":"","background-repeat":"repeat","background-position":"center center","background-size":"auto","background-attachment":"scroll","background-type":"","background-media":"","overlay-type":"","overlay-color":"","overlay-opacity":"","overlay-gradient":""}},"footnotes":""},"class_list":["post-138","page","type-page","status-publish","hentry"],"_links":{"self":[{"href":"https:\/\/saruhannakliyat.com\/index.php\/wp-json\/wp\/v2\/pages\/138","targetHints":{"allow":["GET"]}}],"collection":[{"href":"https:\/\/saruhannakliyat.com\/index.php\/wp-json\/wp\/v2\/pages"}],"about":[{"href":"https:\/\/saruhannakliyat.com\/index.php\/wp-json\/wp\/v2\/types\/page"}],"author":[{"embeddable":true,"href":"https:\/\/saruhannakliyat.com\/index.php\/wp-json\/wp\/v2\/users\/1"}],"replies":[{"embeddable":true,"href":"https:\/\/saruhannakliyat.com\/index.php\/wp-json\/wp\/v2\/comments?post=138"}],"version-history":[{"count":2,"href":"https:\/\/saruhannakliyat.com\/index.php\/wp-json\/wp\/v2\/pages\/138\/revisions"}],"predecessor-version":[{"id":172,"href":"https:\/\/saruhannakliyat.com\/index.php\/wp-json\/wp\/v2\/pages\/138\/revisions\/172"}],"wp:attachment":[{"href":"https:\/\/saruhannakliyat.com\/index.php\/wp-json\/wp\/v2\/media?parent=138"}],"curies":[{"name":"wp","href":"https:\/\/api.w.org\/{rel}","templated":true}]}}