{"id":72,"date":"2025-02-06T23:28:17","date_gmt":"2025-02-06T20:28:17","guid":{"rendered":"https:\/\/saruhannakliyat.com\/?page_id=72"},"modified":"2025-02-07T21:36:45","modified_gmt":"2025-02-07T18:36:45","slug":"hakkimizda","status":"publish","type":"page","link":"https:\/\/saruhannakliyat.com\/index.php\/hakkimizda\/","title":{"rendered":"Hakk\u0131m\u0131zda"},"content":{"rendered":"<p class=\"p1\">\n<p class=\"p3\">27 y\u0131ll\u0131k deneyimle, <b>Saruhan Nakliyat<\/b>\u00a0olarak ta\u015f\u0131mac\u0131l\u0131k ve depolama sekt\u00f6r\u00fcnde g\u00fcvenilir, h\u0131zl\u0131 ve profesyonel hizmetler sunmaktay\u0131z. M\u00fc\u015fterilerimizin e\u015fyalar\u0131n\u0131 en g\u00fcvenli \u015fekilde ta\u015f\u0131yor, h\u0131zl\u0131 bir \u015fekilde i\u015flemleri tamaml\u0131yor ve uygun fiyatlarla y\u00fcksek kaliteli hizmet sa\u011fl\u0131yoruz. E\u015fyalar\u0131n\u0131z bizim i\u00e7in \u00e7ok de\u011ferli; bu nedenle her a\u015famada g\u00fcvenli\u011fine \u00f6zen g\u00f6steriyor, ta\u015f\u0131mac\u0131l\u0131k s\u00fcrecinde en modern ekipmanlar\u0131 kullan\u0131yoruz. Ayr\u0131ca, ta\u015f\u0131ma sonras\u0131nda e\u015fyalar\u0131n\u0131z\u0131 temiz ve g\u00fcvenli depolama alanlar\u0131m\u0131zda, ihtiya\u00e7 duydu\u011funuz s\u00fcre boyunca muhafaza ediyoruz. 27 y\u0131ll\u0131k tecr\u00fcbemizle, her t\u00fcrl\u00fc ta\u015f\u0131nma ve depolama ihtiyac\u0131n\u0131za \u00e7\u00f6z\u00fcm sunuyor, m\u00fc\u015fteri memnuniyetini her zaman \u00f6n planda tutuyoruz. Saruhan Nakliyat ile sorunsuz ve g\u00fcvenli bir ta\u015f\u0131nma deneyimi ya\u015fay\u0131n!<\/p>\n","protected":false},"excerpt":{"rendered":"<p>27 y\u0131ll\u0131k deneyimle, Saruhan Nakliyat\u00a0olarak ta\u015f\u0131mac\u0131l\u0131k ve depolama sekt\u00f6r\u00fcnde g\u00fcvenilir, h\u0131zl\u0131 ve profesyonel hizmetler sunmaktay\u0131z. M\u00fc\u015fterilerimizin e\u015fyalar\u0131n\u0131 en g\u00fcvenli \u015fekilde [&hellip;]<\/p>\n","protected":false},"author":1,"featured_media":0,"parent":0,"menu_order":0,"comment_status":"closed","ping_status":"closed","template":"","meta":{"site-sidebar-layout":"default","site-content-layout":"","ast-site-content-layout":"default","site-content-style":"default","site-sidebar-style":"default","ast-global-header-display":"","ast-banner-title-visibility":"","ast-main-header-display":"","ast-hfb-above-header-display":"","ast-hfb-below-header-display":"","ast-hfb-mobile-header-display":"","site-post-title":"","ast-breadcrumbs-content":"","ast-featured-img":"","footer-sml-layout":"","theme-transparent-header-meta":"default","adv-header-id-meta":"","stick-header-meta":"","header-above-stick-meta":"","header-main-stick-meta":"","header-below-stick-meta":"","astra-migrate-meta-layouts":"set","ast-page-background-enabled":"default","ast-page-background-meta":{"desktop":{"background-color":"var(--ast-global-color-5)","background-image":"","background-repeat":"repeat","background-position":"center center","background-size":"auto","background-attachment":"scroll","background-type":"","background-media":"","overlay-type":"","overlay-color":"","overlay-opacity":"","overlay-gradient":""},"tablet":{"background-color":"","background-image":"","background-repeat":"repeat","background-position":"center center","background-size":"auto","background-attachment":"scroll","background-type":"","background-media":"","overlay-type":"","overlay-color":"","overlay-opacity":"","overlay-gradient":""},"mobile":{"background-color":"","background-image":"","background-repeat":"repeat","background-position":"center center","background-size":"auto","background-attachment":"scroll","background-type":"","background-media":"","overlay-type":"","overlay-color":"","overlay-opacity":"","overlay-gradient":""}},"ast-content-background-meta":{"desktop":{"background-color":"var(--ast-global-color-4)","background-image":"","background-repeat":"repeat","background-position":"center center","background-size":"auto","background-attachment":"scroll","background-type":"","background-media":"","overlay-type":"","overlay-color":"","overlay-opacity":"","overlay-gradient":""},"tablet":{"background-color":"var(--ast-global-color-4)","background-image":"","background-repeat":"repeat","background-position":"center center","background-size":"auto","background-attachment":"scroll","background-type":"","background-media":"","overlay-type":"","overlay-color":"","overlay-opacity":"","overlay-gradient":""},"mobile":{"background-color":"var(--ast-global-color-4)","background-image":"","background-repeat":"repeat","background-position":"center center","background-size":"auto","background-attachment":"scroll","background-type":"","background-media":"","overlay-type":"","overlay-color":"","overlay-opacity":"","overlay-gradient":""}},"footnotes":""},"class_list":["post-72","page","type-page","status-publish","hentry"],"_links":{"self":[{"href":"https:\/\/saruhannakliyat.com\/index.php\/wp-json\/wp\/v2\/pages\/72","targetHints":{"allow":["GET"]}}],"collection":[{"href":"https:\/\/saruhannakliyat.com\/index.php\/wp-json\/wp\/v2\/pages"}],"about":[{"href":"https:\/\/saruhannakliyat.com\/index.php\/wp-json\/wp\/v2\/types\/page"}],"author":[{"embeddable":true,"href":"https:\/\/saruhannakliyat.com\/index.php\/wp-json\/wp\/v2\/users\/1"}],"replies":[{"embeddable":true,"href":"https:\/\/saruhannakliyat.com\/index.php\/wp-json\/wp\/v2\/comments?post=72"}],"version-history":[{"count":3,"href":"https:\/\/saruhannakliyat.com\/index.php\/wp-json\/wp\/v2\/pages\/72\/revisions"}],"predecessor-version":[{"id":119,"href":"https:\/\/saruhannakliyat.com\/index.php\/wp-json\/wp\/v2\/pages\/72\/revisions\/119"}],"wp:attachment":[{"href":"https:\/\/saruhannakliyat.com\/index.php\/wp-json\/wp\/v2\/media?parent=72"}],"curies":[{"name":"wp","href":"https:\/\/api.w.org\/{rel}","templated":true}]}}