{"id":74,"date":"2025-02-06T23:28:26","date_gmt":"2025-02-06T20:28:26","guid":{"rendered":"https:\/\/saruhannakliyat.com\/?page_id=74"},"modified":"2025-02-07T22:06:56","modified_gmt":"2025-02-07T19:06:56","slug":"iletisim","status":"publish","type":"page","link":"https:\/\/saruhannakliyat.com\/index.php\/iletisim\/","title":{"rendered":"Evden Eve Nakliyat"},"content":{"rendered":"<p>Ta\u015f\u0131nmak, hayat\u0131m\u0131z\u0131n \u00f6nemli ve zaman al\u0131c\u0131 s\u00fcre\u00e7lerinden biridir. E\u015fyalar\u0131m\u0131z\u0131n g\u00fcvenli bir \u015fekilde yeni evimize ta\u015f\u0131nmas\u0131, do\u011fru planlama ve profesyonel bir nakliyat hizmeti gerektirir. Evden eve nakliyat, ta\u015f\u0131nma s\u00fcrecini kolayla\u015ft\u0131ran ve olabilecek her t\u00fcrl\u00fc sorunu minimize eden bir hizmettir. Bu yaz\u0131da, evden eve nakliyat\u0131n avantajlar\u0131ndan, hizmetin nas\u0131l i\u015fledi\u011finden ve neden profesyonel bir nakliyat firmas\u0131na ihtiya\u00e7 duyuldu\u011fundan bahsedece\u011fiz.<\/p>\n<h3><strong>Evden Eve Nakliyat Nedir?<\/strong><\/h3>\n<p>Evden eve nakliyat, bir evin t\u00fcm e\u015fyalar\u0131n\u0131n, mobilyalar\u0131n ve di\u011fer e\u015fyalar\u0131n g\u00fcvenli bir \u015fekilde bir yerden ba\u015fka bir yere ta\u015f\u0131nmas\u0131d\u0131r. Bu hizmet, ta\u015f\u0131nacak e\u015fyalar\u0131n paketlenmesinden, y\u00fckleme ve ta\u015f\u0131ma i\u015flemine kadar her a\u015famada profesyonel bir yakla\u015f\u0131m gerektirir. Nakliyat firmalar\u0131, e\u015fyalar\u0131n\u0131z\u0131n t\u00fcr\u00fcne g\u00f6re \u00f6zel paketleme malzemeleri kullanarak e\u015fyalar\u0131n\u0131z\u0131n zarar g\u00f6rmeden ta\u015f\u0131nmas\u0131n\u0131 sa\u011flar.<\/p>\n<p>Evden eve nakliyat hizmeti, yaln\u0131zca ev e\u015fyalar\u0131yla s\u0131n\u0131rl\u0131 de\u011fildir. Ayr\u0131ca ofis ta\u015f\u0131mac\u0131l\u0131\u011f\u0131, depolama, montaj ve demontaj hizmetleri de sunulmaktad\u0131r. Bu \u015fekilde, ta\u015f\u0131nma s\u00fcrecinde ihtiya\u00e7 duydu\u011funuz t\u00fcm hizmetler tek bir \u00e7at\u0131 alt\u0131nda sa\u011flan\u0131r.<\/p>\n","protected":false},"excerpt":{"rendered":"<p>Ta\u015f\u0131nmak, hayat\u0131m\u0131z\u0131n \u00f6nemli ve zaman al\u0131c\u0131 s\u00fcre\u00e7lerinden biridir. E\u015fyalar\u0131m\u0131z\u0131n g\u00fcvenli bir \u015fekilde yeni evimize ta\u015f\u0131nmas\u0131, do\u011fru planlama ve profesyonel bir [&hellip;]<\/p>\n","protected":false},"author":1,"featured_media":0,"parent":0,"menu_order":0,"comment_status":"closed","ping_status":"closed","template":"","meta":{"site-sidebar-layout":"default","site-content-layout":"","ast-site-content-layout":"default","site-content-style":"default","site-sidebar-style":"default","ast-global-header-display":"","ast-banner-title-visibility":"","ast-main-header-display":"","ast-hfb-above-header-display":"","ast-hfb-below-header-display":"","ast-hfb-mobile-header-display":"","site-post-title":"","ast-breadcrumbs-content":"","ast-featured-img":"","footer-sml-layout":"","theme-transparent-header-meta":"default","adv-header-id-meta":"","stick-header-meta":"","header-above-stick-meta":"","header-main-stick-meta":"","header-below-stick-meta":"","astra-migrate-meta-layouts":"set","ast-page-background-enabled":"default","ast-page-background-meta":{"desktop":{"background-color":"var(--ast-global-color-5)","background-image":"","background-repeat":"repeat","background-position":"center center","background-size":"auto","background-attachment":"scroll","background-type":"","background-media":"","overlay-type":"","overlay-color":"","overlay-opacity":"","overlay-gradient":""},"tablet":{"background-color":"","background-image":"","background-repeat":"repeat","background-position":"center center","background-size":"auto","background-attachment":"scroll","background-type":"","background-media":"","overlay-type":"","overlay-color":"","overlay-opacity":"","overlay-gradient":""},"mobile":{"background-color":"","background-image":"","background-repeat":"repeat","background-position":"center center","background-size":"auto","background-attachment":"scroll","background-type":"","background-media":"","overlay-type":"","overlay-color":"","overlay-opacity":"","overlay-gradient":""}},"ast-content-background-meta":{"desktop":{"background-color":"var(--ast-global-color-4)","background-image":"","background-repeat":"repeat","background-position":"center center","background-size":"auto","background-attachment":"scroll","background-type":"","background-media":"","overlay-type":"","overlay-color":"","overlay-opacity":"","overlay-gradient":""},"tablet":{"background-color":"var(--ast-global-color-4)","background-image":"","background-repeat":"repeat","background-position":"center center","background-size":"auto","background-attachment":"scroll","background-type":"","background-media":"","overlay-type":"","overlay-color":"","overlay-opacity":"","overlay-gradient":""},"mobile":{"background-color":"var(--ast-global-color-4)","background-image":"","background-repeat":"repeat","background-position":"center center","background-size":"auto","background-attachment":"scroll","background-type":"","background-media":"","overlay-type":"","overlay-color":"","overlay-opacity":"","overlay-gradient":""}},"footnotes":""},"class_list":["post-74","page","type-page","status-publish","hentry"],"_links":{"self":[{"href":"https:\/\/saruhannakliyat.com\/index.php\/wp-json\/wp\/v2\/pages\/74","targetHints":{"allow":["GET"]}}],"collection":[{"href":"https:\/\/saruhannakliyat.com\/index.php\/wp-json\/wp\/v2\/pages"}],"about":[{"href":"https:\/\/saruhannakliyat.com\/index.php\/wp-json\/wp\/v2\/types\/page"}],"author":[{"embeddable":true,"href":"https:\/\/saruhannakliyat.com\/index.php\/wp-json\/wp\/v2\/users\/1"}],"replies":[{"embeddable":true,"href":"https:\/\/saruhannakliyat.com\/index.php\/wp-json\/wp\/v2\/comments?post=74"}],"version-history":[{"count":5,"href":"https:\/\/saruhannakliyat.com\/index.php\/wp-json\/wp\/v2\/pages\/74\/revisions"}],"predecessor-version":[{"id":155,"href":"https:\/\/saruhannakliyat.com\/index.php\/wp-json\/wp\/v2\/pages\/74\/revisions\/155"}],"wp:attachment":[{"href":"https:\/\/saruhannakliyat.com\/index.php\/wp-json\/wp\/v2\/media?parent=74"}],"curies":[{"name":"wp","href":"https:\/\/api.w.org\/{rel}","templated":true}]}}